{"id":82,"date":"2021-08-03T11:02:36","date_gmt":"2021-08-03T16:02:36","guid":{"rendered":"http:\/\/www.selinsrlperu.com\/?page_id=82"},"modified":"2021-08-05T15:56:47","modified_gmt":"2021-08-05T20:56:47","slug":"nuestros-clientes","status":"publish","type":"page","link":"https:\/\/www.selinsrlperu.com\/?page_id=82","title":{"rendered":"NUESTROS CLIENTES"},"content":{"rendered":"<h3>SOCIEDAD MINERA CERRO VERDE<\/h3>\n<p>\t\t\t\t\t\t\t\t\t\t\t\t\t\t\t<img decoding=\"async\" src=\"http:\/\/www.selinsrlperu.com\/wp-content\/uploads\/elementor\/thumbs\/TRABAJADORES-SMCV-scaled-pb6b5xwfxm7lndw3a49c4pd3vlu26bbhcl12h3spl4.jpg\" title=\"TRABAJADORES SMCV\" alt=\"TRABAJADORES SMCV\" \/>\t\t\t\t\t\t\t\t\t\t\t\t\t\t\t<\/p>\n<p><strong>SERVICIOS EL\u00c9CTRICOS E INSTRUMENTALES CONCENTRADORA 1 Y 2, PLANTA HIDROMETAL\u00daRGICA MINA Y TRUCKSHOP<\/strong><\/p>\n<p style=\"text-align: center;\"><b>MONTAJE EL\u00c9CTRICO, INSTRUMENTACI\u00d3N PRECOMISIONAMIENTO Y COMISIONAMIENTO. CONSTRUCCI\u00d3N Y PUESTA EN MARHA DE UN SISTEMA DE BOMBEO LINGA<\/b><\/p>\n<p>\t\t\t\t\t\t\t\t\t\t\t\t\t\t\t<img decoding=\"async\" src=\"http:\/\/www.selinsrlperu.com\/wp-content\/uploads\/elementor\/thumbs\/SMCV-1-pb6b09xgqkgdo04dd63almu2yzrerztq8jgpc2753c.jpg\" title=\"SMCV\" alt=\"SMCV\" \/>\t\t\t\t\t\t\t\t\t\t\t\t\t\t\t<\/p>\n<h3>SOUTHERN PER\u00da<br \/>\nILO, CUAJONE Y TOQUEPALA<\/h3>\n<p>\t\t\t\t\t\t\t\t\t\t\t\t\t\t\t<img decoding=\"async\" src=\"http:\/\/www.selinsrlperu.com\/wp-content\/uploads\/elementor\/thumbs\/SC1-pb6bwc79v4chp5jq5115njk4g5q5cb43z8kynunoug.jpg\" title=\"SC1\" alt=\"SC1\" \/>\t\t\t\t\t\t\t\t\t\t\t\t\t\t\t<\/p>\n<p><strong>SERVICIO DE MOVIMIENTO DE CABLES, DRENAJE Y LABORES AUXILIARES\u00a0<\/strong><\/p>\n<p><strong>SERVICIO PERMANTENE DE MANTENIMIENTO DE AIRE ACONDICIONADO Y MANTENIMIENTO DE CABINAS DE EQUIPOS MINEROS<\/strong><\/p>\n<p>\t\t\t\t\t\t\t\t\t\t\t\t\t\t\t<img decoding=\"async\" src=\"http:\/\/www.selinsrlperu.com\/wp-content\/uploads\/elementor\/thumbs\/SC2-scaled-pb6c0ilg8m2darh9qu1gqhlvht4vjvp5vwyng4gp6w.jpg\" title=\"SC2\" alt=\"SC2\" \/><br \/>\n\t\t\t\t\t\t\t\t\t\t\t\t\t\t\t<img decoding=\"async\" width=\"937\" height=\"768\" src=\"http:\/\/www.selinsrlperu.com\/wp-content\/uploads\/2021\/08\/ANTAPACCAY-1.jpg\" alt=\"\" loading=\"lazy\" srcset=\"http:\/\/www.selinsrlperu.com\/wp-content\/uploads\/2021\/08\/ANTAPACCAY-1.jpg 937w, http:\/\/www.selinsrlperu.com\/wp-content\/uploads\/2021\/08\/ANTAPACCAY-1-300x246.jpg 300w, http:\/\/www.selinsrlperu.com\/wp-content\/uploads\/2021\/08\/ANTAPACCAY-1-768x629.jpg 768w\" sizes=\"(max-width: 937px) 100vw, 937px\" \/>\t\t\t\t\t\t\t\t\t\t\t\t\t\t\t<\/p>\n<h4>ANTAPACCAY<\/h4>\n<p><b>SERVICIO DE MANTENIENTO Y REPARACI\u00d3N DE CABLES EL\u00c9CTRICOS DE ARRASTRE PARA PALAS Y PERFORADORAS<\/p>\n<p>MATENIMIENTO PREVENTIVO DE EQUIPOS EL\u00c9CTRICOS CONCENTRADORA Y GEARLESS<\/b><\/p>\n","protected":false},"excerpt":{"rendered":"<p>SOCIEDAD MINERA CERRO VERDE SERVICIOS EL\u00c9CTRICOS E INSTRUMENTALES CONCENTRADORA 1 Y 2, PLANTA HIDROMETAL\u00daRGICA MINA Y TRUCKSHOP MONTAJE EL\u00c9CTRICO, INSTRUMENTACI\u00d3N PRECOMISIONAMIENTO Y COMISIONAMIENTO. CONSTRUCCI\u00d3N Y PUESTA EN MARHA DE UN SISTEMA DE BOMBEO LINGA SOUTHERN PER\u00da ILO, CUAJONE Y TOQUEPALA SERVICIO DE MOVIMIENTO DE CABLES, DRENAJE Y LABORES AUXILIARES\u00a0 SERVICIO PERMANTENE DE MANTENIMIENTO DE AIRE &hellip;<\/p>\n<p class=\"read-more\"> <a class=\"\" href=\"https:\/\/www.selinsrlperu.com\/?page_id=82\"> <span class=\"screen-reader-text\">NUESTROS CLIENTES<\/span> Read More &raquo;<\/a><\/p>\n","protected":false},"author":1,"featured_media":0,"parent":0,"menu_order":2,"comment_status":"closed","ping_status":"closed","template":"","meta":[],"_links":{"self":[{"href":"https:\/\/www.selinsrlperu.com\/index.php?rest_route=\/wp\/v2\/pages\/82"}],"collection":[{"href":"https:\/\/www.selinsrlperu.com\/index.php?rest_route=\/wp\/v2\/pages"}],"about":[{"href":"https:\/\/www.selinsrlperu.com\/index.php?rest_route=\/wp\/v2\/types\/page"}],"author":[{"embeddable":true,"href":"https:\/\/www.selinsrlperu.com\/index.php?rest_route=\/wp\/v2\/users\/1"}],"replies":[{"embeddable":true,"href":"https:\/\/www.selinsrlperu.com\/index.php?rest_route=%2Fwp%2Fv2%2Fcomments&post=82"}],"version-history":[{"count":73,"href":"https:\/\/www.selinsrlperu.com\/index.php?rest_route=\/wp\/v2\/pages\/82\/revisions"}],"predecessor-version":[{"id":270,"href":"https:\/\/www.selinsrlperu.com\/index.php?rest_route=\/wp\/v2\/pages\/82\/revisions\/270"}],"wp:attachment":[{"href":"https:\/\/www.selinsrlperu.com\/index.php?rest_route=%2Fwp%2Fv2%2Fmedia&parent=82"}],"curies":[{"name":"wp","href":"https:\/\/api.w.org\/{rel}","templated":true}]}}