{"id":71,"date":"2021-08-03T10:41:14","date_gmt":"2021-08-03T15:41:14","guid":{"rendered":"http:\/\/www.selinsrlperu.com\/?page_id=71"},"modified":"2023-02-02T10:31:07","modified_gmt":"2023-02-02T15:31:07","slug":"sobre-nosotros","status":"publish","type":"page","link":"https:\/\/www.selinsrlperu.com\/?page_id=71","title":{"rendered":"SOBRE NOSOTROS"},"content":{"rendered":"<h4>Somos empresa contratista dedicada a la prestaci\u00f3n de servicios<br \/>\ncomplementarios en el sector minero, industrial en instalaci\u00f3n, acondicionamiento,<br \/>\nmantenimiento y reparaci\u00f3n de circuitos el\u00e9ctricos, de cabinas de equipos pesados con<br \/>\ncalefacci\u00f3n y aire acondicionado, instalaci\u00f3n de l\u00edneas troncales de tuber\u00edas HDPE para el<br \/>\nsistema de drenaje, montaje y desmontaje de subestaciones el\u00e9ctricas y tendido de l\u00edneas<br \/>\nel\u00e9ctricas a\u00e9reas de media y alta tensi\u00f3n <\/h4>\n<p>Misi\u00f3n: Contribuir al funcionamiento de los sistemas el\u00e9ctricos y de instrumentaci\u00f3n de las instalaciones de nuestros clientes mediante la provisi\u00f3n y ejecuci\u00f3n de servicios de alta calidad en mantenimiento electromec\u00e1nico a trav\u00e9s de la asignaci\u00f3n de recursos eficientes y personal calificado orientado a dar el mejor de sus esfuerzos favoreciendo as\u00ed el crecimiento social y econ\u00f3mico del pa\u00eds.<\/p>\n<p>Visi\u00f3n: Ser empresa l\u00edder en servicios de mantenimiento y ejecuci\u00f3n de proyectos electromec\u00e1nicos y de instrumentaci\u00f3n.<\/p>\n<p>\u00a0<\/p>\n","protected":false},"excerpt":{"rendered":"<p>Somos empresa contratista dedicada a la prestaci\u00f3n de servicios complementarios en el sector minero, industrial en instalaci\u00f3n, acondicionamiento, mantenimiento y reparaci\u00f3n de circuitos el\u00e9ctricos, de cabinas de equipos pesados con calefacci\u00f3n y aire acondicionado, instalaci\u00f3n de l\u00edneas troncales de tuber\u00edas HDPE para el sistema de drenaje, montaje y desmontaje de subestaciones el\u00e9ctricas y tendido de &hellip;<\/p>\n<p class=\"read-more\"> <a class=\"\" href=\"https:\/\/www.selinsrlperu.com\/?page_id=71\"> <span class=\"screen-reader-text\">SOBRE NOSOTROS<\/span> Read More &raquo;<\/a><\/p>\n","protected":false},"author":1,"featured_media":0,"parent":0,"menu_order":1,"comment_status":"closed","ping_status":"closed","template":"","meta":[],"_links":{"self":[{"href":"https:\/\/www.selinsrlperu.com\/index.php?rest_route=\/wp\/v2\/pages\/71"}],"collection":[{"href":"https:\/\/www.selinsrlperu.com\/index.php?rest_route=\/wp\/v2\/pages"}],"about":[{"href":"https:\/\/www.selinsrlperu.com\/index.php?rest_route=\/wp\/v2\/types\/page"}],"author":[{"embeddable":true,"href":"https:\/\/www.selinsrlperu.com\/index.php?rest_route=\/wp\/v2\/users\/1"}],"replies":[{"embeddable":true,"href":"https:\/\/www.selinsrlperu.com\/index.php?rest_route=%2Fwp%2Fv2%2Fcomments&post=71"}],"version-history":[{"count":34,"href":"https:\/\/www.selinsrlperu.com\/index.php?rest_route=\/wp\/v2\/pages\/71\/revisions"}],"predecessor-version":[{"id":337,"href":"https:\/\/www.selinsrlperu.com\/index.php?rest_route=\/wp\/v2\/pages\/71\/revisions\/337"}],"wp:attachment":[{"href":"https:\/\/www.selinsrlperu.com\/index.php?rest_route=%2Fwp%2Fv2%2Fmedia&parent=71"}],"curies":[{"name":"wp","href":"https:\/\/api.w.org\/{rel}","templated":true}]}}